{"id":7,"date":"2021-05-03T14:01:05","date_gmt":"2021-05-03T17:01:05","guid":{"rendered":"https:\/\/ace.brandgym.com.br\/?page_id=7"},"modified":"2021-05-20T14:11:25","modified_gmt":"2021-05-20T17:11:25","slug":"home-2","status":"publish","type":"page","link":"https:\/\/ace.brandgym.com.br\/","title":{"rendered":"Home"},"content":{"rendered":"\t\t<div data-elementor-type=\"wp-page\" data-elementor-id=\"7\" class=\"elementor elementor-7\" data-elementor-settings=\"[]\">\n\t\t\t\t\t\t\t<div class=\"elementor-section-wrap\">\n\t\t\t\t\t\t\t<section class=\"elementor-section elementor-top-section elementor-element elementor-element-385c4de elementor-section-full_width elementor-section-height-default elementor-section-height-default\" data-id=\"385c4de\" data-element_type=\"section\">\n\t\t\t\t\t\t<div class=\"elementor-container elementor-column-gap-default\">\n\t\t\t\t\t<div class=\"elementor-column elementor-col-50 elementor-top-column elementor-element elementor-element-b3c466d\" data-id=\"b3c466d\" data-element_type=\"column\">\n\t\t\t<div class=\"elementor-widget-wrap elementor-element-populated\">\n\t\t\t\t\t\t\t\t<div class=\"elementor-element elementor-element-39293a9 elementor-widget elementor-widget-image\" data-id=\"39293a9\" data-element_type=\"widget\" data-widget_type=\"image.default\">\n\t\t\t\t<div class=\"elementor-widget-container\">\n\t\t\t\t\t<div class=\"elementor-image\">\n\t\t\t\t\t\t\t\t\t\t<img src=\"https:\/\/ace.brandgym.com.br\/wp-content\/uploads\/2021\/05\/acecortex.svg\" title=\"acecortex\" alt=\"acecortex\" \/>\t\t\t\t\t\t\t\t\t\t\t<\/div>\n\t\t\t\t<\/div>\n\t\t\t\t<\/div>\n\t\t\t\t\t<\/div>\n\t\t<\/div>\n\t\t\t\t<div class=\"elementor-column elementor-col-50 elementor-top-column elementor-element elementor-element-c478d09\" data-id=\"c478d09\" data-element_type=\"column\">\n\t\t\t<div class=\"elementor-widget-wrap elementor-element-populated\">\n\t\t\t\t\t\t\t\t<div class=\"elementor-element elementor-element-d8a63a7 elementor-nav-menu__align-right elementor-nav-menu--indicator-classic elementor-nav-menu--dropdown-tablet elementor-nav-menu__text-align-aside elementor-nav-menu--toggle elementor-nav-menu--burger elementor-widget elementor-widget-nav-menu\" data-id=\"d8a63a7\" data-element_type=\"widget\" data-settings=\"{&quot;layout&quot;:&quot;horizontal&quot;,&quot;toggle&quot;:&quot;burger&quot;}\" data-widget_type=\"nav-menu.default\">\n\t\t\t\t<div class=\"elementor-widget-container\">\n\t\t\t\t\t\t<nav role=\"navigation\" class=\"elementor-nav-menu--main elementor-nav-menu__container elementor-nav-menu--layout-horizontal e--pointer-background e--animation-fade\"><ul id=\"menu-1-d8a63a7\" class=\"elementor-nav-menu\"><li class=\"menu-item menu-item-type-post_type menu-item-object-page menu-item-230\"><a href=\"https:\/\/ace.brandgym.com.br\/index.php\/estrategia\/\" class=\"elementor-item\">Estrat\u00e9gia<\/a><\/li>\n<li class=\"menu-item menu-item-type-post_type menu-item-object-page menu-item-231\"><a href=\"https:\/\/ace.brandgym.com.br\/index.php\/posicionamento\/\" class=\"elementor-item\">Posicionamento<\/a><\/li>\n<li class=\"menu-item menu-item-type-post_type menu-item-object-page menu-item-232\"><a href=\"https:\/\/ace.brandgym.com.br\/index.php\/territorio-verbal\/\" class=\"elementor-item\">Territ\u00f3rio Verbal<\/a><\/li>\n<li class=\"menu-item menu-item-type-post_type menu-item-object-page menu-item-233\"><a href=\"https:\/\/ace.brandgym.com.br\/index.php\/elementor-195\/\" class=\"elementor-item\">Territ\u00f3rio Visual<\/a><\/li>\n<li class=\"menu-item menu-item-type-post_type menu-item-object-page menu-item-234\"><a href=\"https:\/\/ace.brandgym.com.br\/index.php\/logos\/\" class=\"elementor-item\">Logo<\/a><\/li>\n<li class=\"menu-item menu-item-type-post_type menu-item-object-page menu-item-235\"><a href=\"https:\/\/ace.brandgym.com.br\/index.php\/exemplos\/\" class=\"elementor-item\">Exemplos<\/a><\/li>\n<\/ul><\/nav>\n\t\t\t\t\t<div class=\"elementor-menu-toggle\" role=\"button\" tabindex=\"0\" aria-label=\"Menu Toggle\" aria-expanded=\"false\">\n\t\t\t<i class=\"eicon-menu-bar\" aria-hidden=\"true\"><\/i>\n\t\t\t<span class=\"elementor-screen-only\">Menu<\/span>\n\t\t<\/div>\n\t\t\t<nav class=\"elementor-nav-menu--dropdown elementor-nav-menu__container\" role=\"navigation\" aria-hidden=\"true\"><ul id=\"menu-2-d8a63a7\" class=\"elementor-nav-menu\"><li class=\"menu-item menu-item-type-post_type menu-item-object-page menu-item-230\"><a href=\"https:\/\/ace.brandgym.com.br\/index.php\/estrategia\/\" class=\"elementor-item\">Estrat\u00e9gia<\/a><\/li>\n<li class=\"menu-item menu-item-type-post_type menu-item-object-page menu-item-231\"><a href=\"https:\/\/ace.brandgym.com.br\/index.php\/posicionamento\/\" class=\"elementor-item\">Posicionamento<\/a><\/li>\n<li class=\"menu-item menu-item-type-post_type menu-item-object-page menu-item-232\"><a href=\"https:\/\/ace.brandgym.com.br\/index.php\/territorio-verbal\/\" class=\"elementor-item\">Territ\u00f3rio Verbal<\/a><\/li>\n<li class=\"menu-item menu-item-type-post_type menu-item-object-page menu-item-233\"><a href=\"https:\/\/ace.brandgym.com.br\/index.php\/elementor-195\/\" class=\"elementor-item\">Territ\u00f3rio Visual<\/a><\/li>\n<li class=\"menu-item menu-item-type-post_type menu-item-object-page menu-item-234\"><a href=\"https:\/\/ace.brandgym.com.br\/index.php\/logos\/\" class=\"elementor-item\">Logo<\/a><\/li>\n<li class=\"menu-item menu-item-type-post_type menu-item-object-page menu-item-235\"><a href=\"https:\/\/ace.brandgym.com.br\/index.php\/exemplos\/\" class=\"elementor-item\">Exemplos<\/a><\/li>\n<\/ul><\/nav>\n\t\t\t\t<\/div>\n\t\t\t\t<\/div>\n\t\t\t\t\t<\/div>\n\t\t<\/div>\n\t\t\t\t\t\t\t<\/div>\n\t\t<\/section>\n\t\t\t\t<section class=\"elementor-section elementor-top-section elementor-element elementor-element-ef7ffcc elementor-section-full_width elementor-section-stretched elementor-section-height-default elementor-section-height-default\" data-id=\"ef7ffcc\" data-element_type=\"section\" data-settings=\"{&quot;stretch_section&quot;:&quot;section-stretched&quot;}\">\n\t\t\t\t\t\t<div class=\"elementor-container elementor-column-gap-default\">\n\t\t\t\t\t<div class=\"elementor-column elementor-col-50 elementor-top-column elementor-element elementor-element-a5e46de\" data-id=\"a5e46de\" data-element_type=\"column\">\n\t\t\t<div class=\"elementor-widget-wrap elementor-element-populated\">\n\t\t\t\t\t\t\t\t<div class=\"elementor-element elementor-element-d0467f4 elementor-widget elementor-widget-image\" data-id=\"d0467f4\" data-element_type=\"widget\" data-widget_type=\"image.default\">\n\t\t\t\t<div class=\"elementor-widget-container\">\n\t\t\t\t\t<div class=\"elementor-image\">\n\t\t\t\t\t\t\t\t\t\t<img width=\"750\" height=\"750\" src=\"https:\/\/ace.brandgym.com.br\/wp-content\/uploads\/2021\/05\/adorno.svg\" class=\"attachment-large size-large\" alt=\"\" loading=\"lazy\" srcset=\"https:\/\/ace.brandgym.com.br\/wp-content\/uploads\/\/2021\/05\/adorno.svg 150w, https:\/\/ace.brandgym.com.br\/wp-content\/uploads\/\/2021\/05\/adorno.svg 300w, https:\/\/ace.brandgym.com.br\/wp-content\/uploads\/\/2021\/05\/adorno.svg 1024w\" sizes=\"(max-width: 750px) 100vw, 750px\" style=\"width:100%;height:6.06%;max-width:1106px;\" \/>\t\t\t\t\t\t\t\t\t\t\t<\/div>\n\t\t\t\t<\/div>\n\t\t\t\t<\/div>\n\t\t\t\t<div class=\"elementor-element elementor-element-be718fc elementor-widget elementor-widget-heading\" data-id=\"be718fc\" data-element_type=\"widget\" data-widget_type=\"heading.default\">\n\t\t\t\t<div class=\"elementor-widget-container\">\n\t\t\t<h2 class=\"elementor-heading-title elementor-size-default\">Esse \u00e9 o nosso<br>Brandbook<\/h2>\t\t<\/div>\n\t\t\t\t<\/div>\n\t\t\t\t<div class=\"elementor-element elementor-element-f2bb049 elementor-widget elementor-widget-image\" data-id=\"f2bb049\" data-element_type=\"widget\" data-widget_type=\"image.default\">\n\t\t\t\t<div class=\"elementor-widget-container\">\n\t\t\t\t\t<div class=\"elementor-image\">\n\t\t\t\t\t\t\t\t\t\t<img src=\"https:\/\/ace.brandgym.com.br\/wp-content\/uploads\/2021\/05\/yellow.svg\" title=\"yellow\" alt=\"yellow\" \/>\t\t\t\t\t\t\t\t\t\t\t<\/div>\n\t\t\t\t<\/div>\n\t\t\t\t<\/div>\n\t\t\t\t<div class=\"elementor-element elementor-element-fcdb48f elementor-widget elementor-widget-text-editor\" data-id=\"fcdb48f\" data-element_type=\"widget\" data-widget_type=\"text-editor.default\">\n\t\t\t\t<div class=\"elementor-widget-container\">\n\t\t\t\t\t<div class=\"elementor-text-editor elementor-clearfix\"><p>Para que a nossa marca seja forte, ela precisa de consist\u00eancia e isso requer algumas diretrizes. Com esse material, garantimos que todos est\u00e3o considerando os mesmos acordos ao falar e agir pela marca. Ele nos guia em tudo que formos fazer. Aqui, voc\u00ea ver\u00e1 os principais elementos que constroem a marca Ace Cortex, da estrat\u00e9gia \u00e0 aplica\u00e7\u00e3o e da estrat\u00e9gia \u00e0 aplica\u00e7\u00e3o dos territ\u00f3rios verbal e visual.<\/p><\/div>\n\t\t\t\t<\/div>\n\t\t\t\t<\/div>\n\t\t\t\t\t<\/div>\n\t\t<\/div>\n\t\t\t\t<div class=\"elementor-column elementor-col-50 elementor-top-column elementor-element elementor-element-470b1c7\" data-id=\"470b1c7\" data-element_type=\"column\">\n\t\t\t<div class=\"elementor-widget-wrap elementor-element-populated\">\n\t\t\t\t\t\t\t\t<div class=\"elementor-element elementor-element-4fc2383 elementor-widget elementor-widget-image\" data-id=\"4fc2383\" data-element_type=\"widget\" data-widget_type=\"image.default\">\n\t\t\t\t<div class=\"elementor-widget-container\">\n\t\t\t\t\t<div class=\"elementor-image\">\n\t\t\t\t\t\t\t\t\t\t<img src=\"https:\/\/ace.brandgym.com.br\/wp-content\/uploads\/2021\/05\/home2-1.png\" title=\"home2\" alt=\"home2\" \/>\t\t\t\t\t\t\t\t\t\t\t<\/div>\n\t\t\t\t<\/div>\n\t\t\t\t<\/div>\n\t\t\t\t\t<\/div>\n\t\t<\/div>\n\t\t\t\t\t\t\t<\/div>\n\t\t<\/section>\n\t\t\t\t<section class=\"elementor-section elementor-top-section elementor-element elementor-element-10083d5 elementor-section-full_width elementor-section-height-default elementor-section-height-default\" data-id=\"10083d5\" data-element_type=\"section\" data-settings=\"{&quot;background_background&quot;:&quot;classic&quot;}\">\n\t\t\t\t\t\t<div class=\"elementor-container elementor-column-gap-default\">\n\t\t\t\t\t<div class=\"elementor-column elementor-col-50 elementor-top-column elementor-element elementor-element-bdd70e8\" data-id=\"bdd70e8\" data-element_type=\"column\">\n\t\t\t<div class=\"elementor-widget-wrap elementor-element-populated\">\n\t\t\t\t\t\t\t\t<div class=\"elementor-element elementor-element-f9b6d28 elementor-widget elementor-widget-text-editor\" data-id=\"f9b6d28\" data-element_type=\"widget\" data-widget_type=\"text-editor.default\">\n\t\t\t\t<div class=\"elementor-widget-container\">\n\t\t\t\t\t<div class=\"elementor-text-editor elementor-clearfix\"><p>Todas as fotografias s\u00e3o meramente ilustrativas e n\u00e3o podem ser reproduzidas sem a devida autoriza\u00e7\u00e3o.<\/p><p>\u00a0<\/p><p>Brandbook desenvolvido pela Brand Gym.<\/p><\/div>\n\t\t\t\t<\/div>\n\t\t\t\t<\/div>\n\t\t\t\t\t<\/div>\n\t\t<\/div>\n\t\t\t\t<div class=\"elementor-column elementor-col-50 elementor-top-column elementor-element elementor-element-b541423\" data-id=\"b541423\" data-element_type=\"column\">\n\t\t\t<div class=\"elementor-widget-wrap elementor-element-populated\">\n\t\t\t\t\t\t\t\t<div class=\"elementor-element elementor-element-d69fad4 elementor-widget elementor-widget-image\" data-id=\"d69fad4\" data-element_type=\"widget\" data-widget_type=\"image.default\">\n\t\t\t\t<div class=\"elementor-widget-container\">\n\t\t\t\t\t<div class=\"elementor-image\">\n\t\t\t\t\t\t\t\t\t\t<img src=\"https:\/\/ace.brandgym.com.br\/wp-content\/uploads\/2021\/05\/bgym.png\" title=\"bgym\" alt=\"bgym\" \/>\t\t\t\t\t\t\t\t\t\t\t<\/div>\n\t\t\t\t<\/div>\n\t\t\t\t<\/div>\n\t\t\t\t\t<\/div>\n\t\t<\/div>\n\t\t\t\t\t\t\t<\/div>\n\t\t<\/section>\n\t\t\t\t\t\t<\/div>\n\t\t\t\t\t<\/div>\n\t\t","protected":false},"excerpt":{"rendered":"<p>Esse \u00e9 o nossoBrandbook Para que a nossa marca seja forte, ela precisa de consist\u00eancia e isso requer algumas diretrizes. Com esse material, garantimos que todos est\u00e3o considerando os mesmos acordos ao falar e agir pela marca. Ele nos guia em tudo que formos fazer. Aqui, voc\u00ea ver\u00e1 os principais elementos que constroem a marca&hellip; <a class=\"more-link\" href=\"https:\/\/ace.brandgym.com.br\/\">Continue reading <span class=\"screen-reader-text\">Home<\/span><\/a><\/p>\n","protected":false},"author":1,"featured_media":0,"parent":0,"menu_order":0,"comment_status":"closed","ping_status":"closed","template":"elementor_canvas","meta":{"om_disable_all_campaigns":false,"_monsterinsights_skip_tracking":false,"_monsterinsights_sitenote_active":false,"_monsterinsights_sitenote_note":"","_monsterinsights_sitenote_category":0},"_links":{"self":[{"href":"https:\/\/ace.brandgym.com.br\/index.php\/wp-json\/wp\/v2\/pages\/7"}],"collection":[{"href":"https:\/\/ace.brandgym.com.br\/index.php\/wp-json\/wp\/v2\/pages"}],"about":[{"href":"https:\/\/ace.brandgym.com.br\/index.php\/wp-json\/wp\/v2\/types\/page"}],"author":[{"embeddable":true,"href":"https:\/\/ace.brandgym.com.br\/index.php\/wp-json\/wp\/v2\/users\/1"}],"replies":[{"embeddable":true,"href":"https:\/\/ace.brandgym.com.br\/index.php\/wp-json\/wp\/v2\/comments?post=7"}],"version-history":[{"count":56,"href":"https:\/\/ace.brandgym.com.br\/index.php\/wp-json\/wp\/v2\/pages\/7\/revisions"}],"predecessor-version":[{"id":335,"href":"https:\/\/ace.brandgym.com.br\/index.php\/wp-json\/wp\/v2\/pages\/7\/revisions\/335"}],"wp:attachment":[{"href":"https:\/\/ace.brandgym.com.br\/index.php\/wp-json\/wp\/v2\/media?parent=7"}],"curies":[{"name":"wp","href":"https:\/\/api.w.org\/{rel}","templated":true}]}}